{"id":3,"date":"2021-02-25T07:49:09","date_gmt":"2021-02-25T10:49:09","guid":{"rendered":"http:\/\/gvv.org.br\/espirita\/?page_id=3"},"modified":"2021-05-20T10:44:30","modified_gmt":"2021-05-20T13:44:30","slug":"politica-de-privacidade","status":"publish","type":"page","link":"http:\/\/espirita.feak.org\/?page_id=3","title":{"rendered":"Pol\u00edtica de privacidade"},"content":{"rendered":"\n\n<h2>Quem somos<\/h2>\n\n\n\n<p>A Funda\u00e7\u00e3o Esp\u00edrita Allan Kardec foi fundada em 06 de maio de 1987 por um grupo de amigos e companheiros do ideal esp\u00edrita. Conhecida popularmente por FEAK, teve como seu primeiro endere\u00e7o a Rua Dom Pedro II, 167, bairro Mariano Proc\u00f3pio, transferindo-se para sede pr\u00f3pria na Rua Itamar Soares de Oliveira, 200, no bairro Cascatinha, em 06 de novembro de 1988.<\/p>\n\n\n\n<p>Desenvolve atividades variadas como: palestras, grupos de estudos, oficinas de capacita\u00e7\u00e3o e treinamento, cursos e atendimento fraterno em diversos hor\u00e1rios, etc.<\/p>\n\n\n\n<p>A FEAK conta atualmente com 538 TVAB \u2013 Trabalhadores Volunt\u00e1rios Ativos no Bem \u2013 que doam tempo e trabalho em suas diferentes \u00e1reas de atua\u00e7\u00e3o, cumprindo suas tarefas com assiduidade e disciplina.<\/p>\n\n\n\n<p><strong>T\u00edtulos de Utilidade P\u00fablica:<\/strong><\/p>\n\n\n\n<blockquote><ul><li>Reconhecida de Utilidade P\u00fablica Municipal \u2013 Lei n\u00ba 7407, de 05 de Setembro de 1988;<\/li><li>Reconhecida de Utilidade P\u00fablica Estadual \u2013 Lei n\u00ba 13.007, de 31 de Agosto de 1998;<\/li><li>Reconhecida de Utilidade P\u00fablica Federal \u2013 Decreto Lei de 04 de Novembro de 1998.<\/li><\/ul><\/blockquote>\n\n<br>\n\n<h2>Quais dados pessoais coletamos e porque<\/h2>\n\n\n\n<h3>Formul\u00e1rios de contato<\/h3>\n\n\n\n<p>Coletamos somente o e-mail para que possamos enviar as mensagens contendo os links das palestras.<\/p>\n\n\n\n<p>Os e-mail ser\u00e3o utilizados somente para essa fun\u00e7\u00e3o e somente a equipe t\u00e9cnica \u00e9 quem possui acesso a tal informa\u00e7\u00e3o.  <\/p>\n\n\n\n<h2>Quais os seus direitos sobre seus dados<\/h2>\n\n\n\n<p>A qualquer momento, poder\u00e1 utilizar o link existente no final de cada mensagem que enviamos para que seu e-mail seja retirado de nossa base de dados.<\/p>\n\n\n","protected":false},"excerpt":{"rendered":"","protected":false},"author":1,"featured_media":0,"parent":0,"menu_order":0,"comment_status":"closed","ping_status":"open","template":"","meta":{"pagelayer_contact_templates":[],"_pagelayer_content":""},"_links":{"self":[{"href":"http:\/\/espirita.feak.org\/index.php?rest_route=\/wp\/v2\/pages\/3"}],"collection":[{"href":"http:\/\/espirita.feak.org\/index.php?rest_route=\/wp\/v2\/pages"}],"about":[{"href":"http:\/\/espirita.feak.org\/index.php?rest_route=\/wp\/v2\/types\/page"}],"author":[{"embeddable":true,"href":"http:\/\/espirita.feak.org\/index.php?rest_route=\/wp\/v2\/users\/1"}],"replies":[{"embeddable":true,"href":"http:\/\/espirita.feak.org\/index.php?rest_route=%2Fwp%2Fv2%2Fcomments&post=3"}],"version-history":[{"count":4,"href":"http:\/\/espirita.feak.org\/index.php?rest_route=\/wp\/v2\/pages\/3\/revisions"}],"predecessor-version":[{"id":304,"href":"http:\/\/espirita.feak.org\/index.php?rest_route=\/wp\/v2\/pages\/3\/revisions\/304"}],"wp:attachment":[{"href":"http:\/\/espirita.feak.org\/index.php?rest_route=%2Fwp%2Fv2%2Fmedia&parent=3"}],"curies":[{"name":"wp","href":"https:\/\/api.w.org\/{rel}","templated":true}]}}