{"id":46836,"date":"2024-04-28T07:24:52","date_gmt":"2024-04-28T10:24:52","guid":{"rendered":"http:\/\/espirita.feak.org\/?page_id=46836"},"modified":"2024-05-02T14:36:51","modified_gmt":"2024-05-02T17:36:51","slug":"palestra-01","status":"publish","type":"page","link":"http:\/\/espirita.feak.org\/?page_id=46836","title":{"rendered":"!Palestra 01"},"content":{"rendered":"\n\n\n<div align=\"center\" style=\"min-height: 480px;\"><iframe width=\"100%\" height=\"auto\" style=\"min-height: 480px;\" src=\"https:\/\/www.youtube.com\/embed\/dKXye9XmHZY\" title=\"YouTube video player\" frameborder=\"0\" allow=\"accelerometer; autoplay; clipboard-write; encrypted-media; gyroscope; picture-in-picture\" allowfullscreen=\"\"><\/iframe><\/div>\nData: 02\/05\/2024<br>Hor\u00e1rio: 14h30<br>Tema: Hist\u00f3ria de como foi feito O Evangelho Segundo o Espiritismo<br>Expositor: Consola\u00e7\u00e3o Muanis\n\n\n\n\n\n\n\n\n\n\n\n","protected":false},"excerpt":{"rendered":"","protected":false},"author":1,"featured_media":0,"parent":0,"menu_order":0,"comment_status":"closed","ping_status":"closed","template":"","meta":{"pagelayer_contact_templates":[],"_pagelayer_content":""},"_links":{"self":[{"href":"http:\/\/espirita.feak.org\/index.php?rest_route=\/wp\/v2\/pages\/46836"}],"collection":[{"href":"http:\/\/espirita.feak.org\/index.php?rest_route=\/wp\/v2\/pages"}],"about":[{"href":"http:\/\/espirita.feak.org\/index.php?rest_route=\/wp\/v2\/types\/page"}],"author":[{"embeddable":true,"href":"http:\/\/espirita.feak.org\/index.php?rest_route=\/wp\/v2\/users\/1"}],"replies":[{"embeddable":true,"href":"http:\/\/espirita.feak.org\/index.php?rest_route=%2Fwp%2Fv2%2Fcomments&post=46836"}],"version-history":[{"count":5,"href":"http:\/\/espirita.feak.org\/index.php?rest_route=\/wp\/v2\/pages\/46836\/revisions"}],"predecessor-version":[{"id":46852,"href":"http:\/\/espirita.feak.org\/index.php?rest_route=\/wp\/v2\/pages\/46836\/revisions\/46852"}],"wp:attachment":[{"href":"http:\/\/espirita.feak.org\/index.php?rest_route=%2Fwp%2Fv2%2Fmedia&parent=46836"}],"curies":[{"name":"wp","href":"https:\/\/api.w.org\/{rel}","templated":true}]}}