{"id":46859,"date":"2024-05-05T11:47:35","date_gmt":"2024-05-05T14:47:35","guid":{"rendered":"http:\/\/espirita.feak.org\/?page_id=46859"},"modified":"2024-05-05T12:05:00","modified_gmt":"2024-05-05T15:05:00","slug":"palestra-05","status":"publish","type":"page","link":"http:\/\/espirita.feak.org\/?page_id=46859","title":{"rendered":"!Palestra 05"},"content":{"rendered":"\n\n\n<div align=\"center\" style=\"min-height: 480px;\"><iframe width=\"100%\" height=\"auto\" style=\"min-height: 480px;\" src=\"https:\/\/www.youtube.com\/embed\/Ptq1NInPCQE\" title=\"YouTube video player\" frameborder=\"0\" allow=\"accelerometer; autoplay; clipboard-write; encrypted-media; gyroscope; picture-in-picture\" allowfullscreen=\"\"><\/iframe><\/div>\nData: 11\/05\/2024<br>Hor\u00e1rio: 19 horas<br>Tema: Ningu\u00e9m poder\u00e1 ver o Reino de Deus se n\u00e3o nascer de novo<br>Expositor: Carmen P. Montessi\n\n\n\n\n\n\n\n\n\n\n\n","protected":false},"excerpt":{"rendered":"","protected":false},"author":1,"featured_media":0,"parent":0,"menu_order":0,"comment_status":"closed","ping_status":"closed","template":"","meta":{"pagelayer_contact_templates":[],"_pagelayer_content":""},"_links":{"self":[{"href":"http:\/\/espirita.feak.org\/index.php?rest_route=\/wp\/v2\/pages\/46859"}],"collection":[{"href":"http:\/\/espirita.feak.org\/index.php?rest_route=\/wp\/v2\/pages"}],"about":[{"href":"http:\/\/espirita.feak.org\/index.php?rest_route=\/wp\/v2\/types\/page"}],"author":[{"embeddable":true,"href":"http:\/\/espirita.feak.org\/index.php?rest_route=\/wp\/v2\/users\/1"}],"replies":[{"embeddable":true,"href":"http:\/\/espirita.feak.org\/index.php?rest_route=%2Fwp%2Fv2%2Fcomments&post=46859"}],"version-history":[{"count":2,"href":"http:\/\/espirita.feak.org\/index.php?rest_route=\/wp\/v2\/pages\/46859\/revisions"}],"predecessor-version":[{"id":46862,"href":"http:\/\/espirita.feak.org\/index.php?rest_route=\/wp\/v2\/pages\/46859\/revisions\/46862"}],"wp:attachment":[{"href":"http:\/\/espirita.feak.org\/index.php?rest_route=%2Fwp%2Fv2%2Fmedia&parent=46859"}],"curies":[{"name":"wp","href":"https:\/\/api.w.org\/{rel}","templated":true}]}}