{"id":46940,"date":"2025-05-01T17:06:14","date_gmt":"2025-05-01T20:06:14","guid":{"rendered":"http:\/\/espirita.feak.org\/?page_id=46940"},"modified":"2025-05-01T17:07:28","modified_gmt":"2025-05-01T20:07:28","slug":"palestra-03-2","status":"publish","type":"page","link":"http:\/\/espirita.feak.org\/?page_id=46940","title":{"rendered":"@Palestra 03"},"content":{"rendered":"\n\n\n<div align=\"center\" style=\"min-height: 480px;\"><iframe width=\"100%\" height=\"auto\" style=\"min-height: 480px;\" src=\"https:\/\/www.youtube.com\/embed\/HZ8SN7QbKlQ\" title=\"YouTube video player\" frameborder=\"0\" allow=\"accelerometer; autoplay; clipboard-write; encrypted-media; gyroscope; picture-in-picture\" allowfullscreen=\"\"><\/iframe><\/div>\nData: 05\/05\/2024<br>Hor\u00e1rio: 20 horas<br>Tema: Justi\u00e7a Divina segundo o Espiritismo<br>Expositor:&nbsp;Pedro Paulo L\u00e9lis\n\n\n\n\n\n\n\n\n\n\n\n","protected":false},"excerpt":{"rendered":"","protected":false},"author":1,"featured_media":0,"parent":0,"menu_order":0,"comment_status":"closed","ping_status":"closed","template":"","meta":{"pagelayer_contact_templates":[],"_pagelayer_content":""},"_links":{"self":[{"href":"http:\/\/espirita.feak.org\/index.php?rest_route=\/wp\/v2\/pages\/46940"}],"collection":[{"href":"http:\/\/espirita.feak.org\/index.php?rest_route=\/wp\/v2\/pages"}],"about":[{"href":"http:\/\/espirita.feak.org\/index.php?rest_route=\/wp\/v2\/types\/page"}],"author":[{"embeddable":true,"href":"http:\/\/espirita.feak.org\/index.php?rest_route=\/wp\/v2\/users\/1"}],"replies":[{"embeddable":true,"href":"http:\/\/espirita.feak.org\/index.php?rest_route=%2Fwp%2Fv2%2Fcomments&post=46940"}],"version-history":[{"count":1,"href":"http:\/\/espirita.feak.org\/index.php?rest_route=\/wp\/v2\/pages\/46940\/revisions"}],"predecessor-version":[{"id":46942,"href":"http:\/\/espirita.feak.org\/index.php?rest_route=\/wp\/v2\/pages\/46940\/revisions\/46942"}],"wp:attachment":[{"href":"http:\/\/espirita.feak.org\/index.php?rest_route=%2Fwp%2Fv2%2Fmedia&parent=46940"}],"curies":[{"name":"wp","href":"https:\/\/api.w.org\/{rel}","templated":true}]}}