{"id":46946,"date":"2025-05-06T15:45:39","date_gmt":"2025-05-06T18:45:39","guid":{"rendered":"http:\/\/espirita.feak.org\/?page_id=46946"},"modified":"2025-05-06T15:49:28","modified_gmt":"2025-05-06T18:49:28","slug":"palestra-04-2","status":"publish","type":"page","link":"http:\/\/espirita.feak.org\/?page_id=46946","title":{"rendered":"@Palestra 04"},"content":{"rendered":"\n\n\n<div align=\"center\" style=\"min-height: 480px;\"><iframe width=\"100%\" height=\"auto\" style=\"min-height: 480px;\" src=\"https:\/\/www.youtube.com\/embed\/cPmlw1bS6VA\" title=\"YouTube video player\" frameborder=\"0\" allow=\"accelerometer; autoplay; clipboard-write; encrypted-media; gyroscope; picture-in-picture\" allowfullscreen=\"\"><\/iframe><\/div>\nData: 08\/05\/2024<br>Hor\u00e1rio: 14h30<br>Tema: Introdu\u00e7\u00e3o \u00e0 obra C\u00e9u e Inferno <br>Expositora:&nbsp;Consola\u00e7\u00e3o Muanis\n\n\n\n\n\n\n\n\n\n\n\n","protected":false},"excerpt":{"rendered":"","protected":false},"author":1,"featured_media":0,"parent":0,"menu_order":0,"comment_status":"closed","ping_status":"closed","template":"","meta":{"pagelayer_contact_templates":[],"_pagelayer_content":""},"_links":{"self":[{"href":"http:\/\/espirita.feak.org\/index.php?rest_route=\/wp\/v2\/pages\/46946"}],"collection":[{"href":"http:\/\/espirita.feak.org\/index.php?rest_route=\/wp\/v2\/pages"}],"about":[{"href":"http:\/\/espirita.feak.org\/index.php?rest_route=\/wp\/v2\/types\/page"}],"author":[{"embeddable":true,"href":"http:\/\/espirita.feak.org\/index.php?rest_route=\/wp\/v2\/users\/1"}],"replies":[{"embeddable":true,"href":"http:\/\/espirita.feak.org\/index.php?rest_route=%2Fwp%2Fv2%2Fcomments&post=46946"}],"version-history":[{"count":1,"href":"http:\/\/espirita.feak.org\/index.php?rest_route=\/wp\/v2\/pages\/46946\/revisions"}],"predecessor-version":[{"id":46947,"href":"http:\/\/espirita.feak.org\/index.php?rest_route=\/wp\/v2\/pages\/46946\/revisions\/46947"}],"wp:attachment":[{"href":"http:\/\/espirita.feak.org\/index.php?rest_route=%2Fwp%2Fv2%2Fmedia&parent=46946"}],"curies":[{"name":"wp","href":"https:\/\/api.w.org\/{rel}","templated":true}]}}