{"id":46967,"date":"2025-05-18T09:05:26","date_gmt":"2025-05-18T12:05:26","guid":{"rendered":"http:\/\/espirita.feak.org\/?page_id=46967"},"modified":"2025-05-18T09:15:41","modified_gmt":"2025-05-18T12:15:41","slug":"palestra-11-2","status":"publish","type":"page","link":"http:\/\/espirita.feak.org\/?page_id=46967","title":{"rendered":"@Palestra 11"},"content":{"rendered":"\n\n\n<div align=\"center\" style=\"min-height: 480px;\"><iframe width=\"100%\" height=\"auto\" style=\"min-height: 480px;\" src=\"https:\/\/www.youtube.com\/embed\/WgXNuV0D0ms\" title=\"YouTube video player\" frameborder=\"0\" allow=\"accelerometer; autoplay; clipboard-write; encrypted-media; gyroscope; picture-in-picture\" allowfullscreen=\"\"><\/iframe><\/div>\nData: 24\/05\/2024<br>Hor\u00e1rio: 19 horas<br>Tema: O ju\u00edzo final: interpreta\u00e7\u00e3o esp\u00edrita<br>Expositor(a):&nbsp;Humberto Schubert\n\n\n\n\n\n\n\n\n\n\n\n","protected":false},"excerpt":{"rendered":"","protected":false},"author":1,"featured_media":0,"parent":0,"menu_order":0,"comment_status":"closed","ping_status":"closed","template":"","meta":{"pagelayer_contact_templates":[],"_pagelayer_content":""},"_links":{"self":[{"href":"http:\/\/espirita.feak.org\/index.php?rest_route=\/wp\/v2\/pages\/46967"}],"collection":[{"href":"http:\/\/espirita.feak.org\/index.php?rest_route=\/wp\/v2\/pages"}],"about":[{"href":"http:\/\/espirita.feak.org\/index.php?rest_route=\/wp\/v2\/types\/page"}],"author":[{"embeddable":true,"href":"http:\/\/espirita.feak.org\/index.php?rest_route=\/wp\/v2\/users\/1"}],"replies":[{"embeddable":true,"href":"http:\/\/espirita.feak.org\/index.php?rest_route=%2Fwp%2Fv2%2Fcomments&post=46967"}],"version-history":[{"count":1,"href":"http:\/\/espirita.feak.org\/index.php?rest_route=\/wp\/v2\/pages\/46967\/revisions"}],"predecessor-version":[{"id":46974,"href":"http:\/\/espirita.feak.org\/index.php?rest_route=\/wp\/v2\/pages\/46967\/revisions\/46974"}],"wp:attachment":[{"href":"http:\/\/espirita.feak.org\/index.php?rest_route=%2Fwp%2Fv2%2Fmedia&parent=46967"}],"curies":[{"name":"wp","href":"https:\/\/api.w.org\/{rel}","templated":true}]}}