{"id":46993,"date":"2026-04-23T15:24:10","date_gmt":"2026-04-23T18:24:10","guid":{"rendered":"http:\/\/espirita.feak.org\/?page_id=46993"},"modified":"2026-04-23T15:38:16","modified_gmt":"2026-04-23T18:38:16","slug":"palestras-2026","status":"publish","type":"page","link":"http:\/\/espirita.feak.org\/?page_id=46993","title":{"rendered":"Palestras 2026"},"content":{"rendered":"\n\n\n<h4>Seja muito bem-vindo(a)! \u00c9 com alegria que o(a) recebemos em nosso Congresso. <br><\/h4><h4>O foco desta edi\u00e7\u00e3o \u00e9 a terceira parte de <strong>O Livro dos Esp\u00edritos, <\/strong>intitulada <strong>Das Leis Morais,<\/strong>&nbsp;e conta com palestras ao vivo (2\u00aa feira: 20 horas | 5\u00aa feira: 14h30 | S\u00e1bado: 19 horas).<\/h4>\n<h4>Ap\u00f3s a data\/hora agendada para a transmiss\u00e3o ao vivo, as palestras ficam aqui dispon\u00edveis.<\/h4>\n\n\n\n\n\n\n\n\nData: 02\/05\/2025<br>Hor\u00e1rio: 19 horas<br>Tema:&nbsp;Da lei divina ou natural\n\n\n\n\n\n\nData: 03\/05\/2025<br>Hor\u00e1rio: 19 horas<br>Tema:&nbsp;Expia\u00e7\u00f5es e provas na vida terrena\n\n\n\n\n\n\nData: 05\/05\/2025<br>Hor\u00e1rio: 20 horas<br>Tema:&nbsp;Justi\u00e7a Divina segundo o Espiritismo\n\n\n\n\n\n\nData: 08\/05\/2025<br>Hor\u00e1rio: 14h30<br>Tema: Introdu\u00e7\u00e3o \u00e0 obra O C\u00e9u e o Inferno\n\n\n\n\n\n\nData: 10\/05\/2025<br>Hor\u00e1rio: 19 horas<br>Tema: O papel da prece na evolu\u00e7\u00e3o espiritual\n\n\n\n\n\n\nData: 12\/05\/2025<br>Hor\u00e1rio: 20 horas<br>Tema: Principios da Doutrina Esp\u00edrita sobre as penas futuras\n\n\n\n\n\n\nData: 15\/05\/2025<br>Hor\u00e1rio: 14h30<br>Tema: Esp\u00edritos felizes\n\n\n\n\n\n\nData: 17\/05\/2025<br>Hor\u00e1rio: 19 horas<br>Tema: Suic\u00eddio e suas consequ\u00eancias\n\n\n\n\n\n\nData: 19\/05\/2025<br>Hor\u00e1rio: 20 horas<br>Tema: Temor da morte\n\n\n\n\n\n\nData: 22\/05\/2025<br>Hor\u00e1rio: 14h30<br>Tema: Reencarna\u00e7\u00e3o e seu papel na evolu\u00e7\u00e3o da alma\n\n\n\n\n\n\nData: 24\/05\/2025<br>Hor\u00e1rio: 19 horas<br>Tema: O ju\u00edzo final: interpreta\u00e7\u00e3o esp\u00edrita\n\n\n\n\n\n\nData: 26\/05\/2025<br>Hor\u00e1rio: 20 horas<br>Tema: A imortalidade da alma\n\n\n\n\n\n\nData: 29\/05\/2025<br>Hor\u00e1rio: 14h30<br>Tema: Conclus\u00f5es e reflex\u00f5es finais sobre &#8220;O C\u00e9u e o Inferno&#8221;\n\n\n\n\n\n\nData: 31\/05\/2025<br>Hor\u00e1rio: 19 horas<br>Tema: Esp\u00edritos sofredores e suas expia\u00e7\u00f5es\n\n\n\n\n\n\nData: 02\/06\/2025<br>Hor\u00e1rio: 20 horas<br>Tema: Encerramento 10\u00ba Congresso Espirita online\n\n\n\n\n\n\n\n\n\n\n","protected":false},"excerpt":{"rendered":"","protected":false},"author":1,"featured_media":0,"parent":0,"menu_order":0,"comment_status":"closed","ping_status":"closed","template":"","meta":{"pagelayer_contact_templates":[],"_pagelayer_content":""},"_links":{"self":[{"href":"http:\/\/espirita.feak.org\/index.php?rest_route=\/wp\/v2\/pages\/46993"}],"collection":[{"href":"http:\/\/espirita.feak.org\/index.php?rest_route=\/wp\/v2\/pages"}],"about":[{"href":"http:\/\/espirita.feak.org\/index.php?rest_route=\/wp\/v2\/types\/page"}],"author":[{"embeddable":true,"href":"http:\/\/espirita.feak.org\/index.php?rest_route=\/wp\/v2\/users\/1"}],"replies":[{"embeddable":true,"href":"http:\/\/espirita.feak.org\/index.php?rest_route=%2Fwp%2Fv2%2Fcomments&post=46993"}],"version-history":[{"count":3,"href":"http:\/\/espirita.feak.org\/index.php?rest_route=\/wp\/v2\/pages\/46993\/revisions"}],"predecessor-version":[{"id":46997,"href":"http:\/\/espirita.feak.org\/index.php?rest_route=\/wp\/v2\/pages\/46993\/revisions\/46997"}],"wp:attachment":[{"href":"http:\/\/espirita.feak.org\/index.php?rest_route=%2Fwp%2Fv2%2Fmedia&parent=46993"}],"curies":[{"name":"wp","href":"https:\/\/api.w.org\/{rel}","templated":true}]}}