{"id":5,"date":"2021-02-25T09:29:34","date_gmt":"2021-02-25T12:29:34","guid":{"rendered":"http:\/\/espirita.feak.org\/?page_id=5"},"modified":"2026-04-23T14:55:47","modified_gmt":"2026-04-23T17:55:47","slug":"home","status":"publish","type":"page","link":"http:\/\/espirita.feak.org\/","title":{"rendered":"Inscreva-se para o Congresso 2026"},"content":{"rendered":"\n\n\n\n\n\n\n\n<h1>11\u00ba Congresso Esp\u00edrita Online FEAK e R\u00e1dio Evoluir<\/h1><h2>de 02 de maio a 01 de junho de 2026<\/h2><h3>Nesse per\u00edodo, as palestras ser\u00e3o transmitidas ao vivo nos seguintes dias e hor\u00e1rios:<br>2\u00aa feira: 20 horas <span style=\"color:#e60000;\">|<\/span>&nbsp;5\u00aa feira: 14h30 <span style=\"color:#e60000;\">|<\/span>&nbsp;S\u00e1bado: 19 horas<br><br>Todas as palestras ficar\u00e3o dispon\u00edveis para posterior visualiza\u00e7\u00e3o.<\/h3>\n<h2>Inscreva-se para receber os links por WhatsApp!<\/h2>\n\n\n\n\n<div>Em concord\u00e2ncia com a nova Lei Geral de Prote\u00e7\u00e3o de Dados (Lei n\u00ba 13.709\/2018), precisamos do seu consentimento para inscrev\u00ea-lo(a) no Congresso. <br>Prosseguindo na sua inscri\u00e7\u00e3o, subentende-se que voc\u00ea LEU e CONCORDA com a nossa <a href=\"?page_id=3\">Pol\u00edtica de Privacidade<\/a>.<br><br><\/div>\n\n\n\n\n<h2>Inscreva-se pelo WhatsApp<br><\/h2>\n\n\n\n\n<p>A partir do seu celular ou tablet, clique aqui para se inscrever pelo WhatsApp.<\/p>\n\n\n","protected":false},"excerpt":{"rendered":"","protected":false},"author":1,"featured_media":0,"parent":0,"menu_order":0,"comment_status":"closed","ping_status":"closed","template":"","meta":{"pagelayer_contact_templates":[],"_pagelayer_content":""},"_links":{"self":[{"href":"http:\/\/espirita.feak.org\/index.php?rest_route=\/wp\/v2\/pages\/5"}],"collection":[{"href":"http:\/\/espirita.feak.org\/index.php?rest_route=\/wp\/v2\/pages"}],"about":[{"href":"http:\/\/espirita.feak.org\/index.php?rest_route=\/wp\/v2\/types\/page"}],"author":[{"embeddable":true,"href":"http:\/\/espirita.feak.org\/index.php?rest_route=\/wp\/v2\/users\/1"}],"replies":[{"embeddable":true,"href":"http:\/\/espirita.feak.org\/index.php?rest_route=%2Fwp%2Fv2%2Fcomments&post=5"}],"version-history":[{"count":50,"href":"http:\/\/espirita.feak.org\/index.php?rest_route=\/wp\/v2\/pages\/5\/revisions"}],"predecessor-version":[{"id":46991,"href":"http:\/\/espirita.feak.org\/index.php?rest_route=\/wp\/v2\/pages\/5\/revisions\/46991"}],"wp:attachment":[{"href":"http:\/\/espirita.feak.org\/index.php?rest_route=%2Fwp%2Fv2%2Fmedia&parent=5"}],"curies":[{"name":"wp","href":"https:\/\/api.w.org\/{rel}","templated":true}]}}